{"id":66,"date":"2024-12-27T10:43:26","date_gmt":"2024-12-27T10:43:26","guid":{"rendered":"https:\/\/clanyeco.vamtam.com\/?page_id=66"},"modified":"2025-11-14T16:07:13","modified_gmt":"2025-11-14T16:07:13","slug":"contacto","status":"publish","type":"page","link":"https:\/\/educanimals.com\/ca\/contacto\/","title":{"rendered":"Contacto"},"content":{"rendered":"<div data-elementor-type=\"wp-page\" data-elementor-id=\"66\" class=\"elementor elementor-66\" data-elementor-post-type=\"page\">\n\t\t\t\t<div class=\"elementor-element elementor-element-ca06361 e-flex e-con-boxed e-con e-parent\" data-id=\"ca06361\" data-element_type=\"container\" data-e-type=\"container\">\n\t\t\t\t\t<div class=\"e-con-inner\">\n\t\t\t\t<div class=\"elementor-element elementor-element-4b809ec elementor-position-inline-end elementor-widget__width-auto elementor-mobile-position-inline-end animated-fast elementor-view-default elementor-invisible elementor-widget elementor-widget-icon-box\" data-id=\"4b809ec\" data-element_type=\"widget\" data-e-type=\"widget\" data-settings=\"{&quot;_animation&quot;:&quot;fadeIn&quot;,&quot;_animation_delay&quot;:50}\" data-widget_type=\"icon-box.default\">\n\t\t\t\t<div class=\"elementor-widget-container\">\n\t\t\t\t\t\t\t<div class=\"elementor-icon-box-wrapper\">\n\n\t\t\t\t\t\t<div class=\"elementor-icon-box-icon\">\n\t\t\t\t<span  class=\"elementor-icon\">\n\t\t\t\t<i aria-hidden=\"true\" class=\"vamtamtheme- vamtam-theme-title-dec\"><\/i>\t\t\t\t<\/span>\n\t\t\t<\/div>\n\t\t\t\n\t\t\t\t\t\t<div class=\"elementor-icon-box-content\">\n\n\t\t\t\t\t\t\t\t\t<h6 class=\"elementor-icon-box-title\">\n\t\t\t\t\t\t<span  >\n\t\t\t\t\t\t\tcontacto\t\t\t\t\t\t<\/span>\n\t\t\t\t\t<\/h6>\n\t\t\t\t\n\t\t\t\t\n\t\t\t<\/div>\n\t\t\t\n\t\t<\/div>\n\t\t\t\t\t\t<\/div>\n\t\t\t\t<\/div>\n\t\t<div class=\"elementor-element elementor-element-98d4163 e-flex e-con-boxed e-con e-child\" data-id=\"98d4163\" data-element_type=\"container\" data-e-type=\"container\">\n\t\t\t\t\t<div class=\"e-con-inner\">\n\t\t<div class=\"elementor-element elementor-element-fa3d185 e-flex e-con-boxed e-con e-child\" data-id=\"fa3d185\" data-element_type=\"container\" data-e-type=\"container\">\n\t\t\t\t\t<div class=\"e-con-inner\">\n\t\t\t\t<div class=\"elementor-element elementor-element-b65811a elementor-widget__width-initial animated-fast elementor-invisible elementor-widget elementor-widget-heading\" data-id=\"b65811a\" data-element_type=\"widget\" data-e-type=\"widget\" data-settings=\"{&quot;_animation&quot;:&quot;fadeInUp&quot;,&quot;_animation_delay&quot;:100}\" data-widget_type=\"heading.default\">\n\t\t\t\t<div class=\"elementor-widget-container\">\n\t\t\t\t\t<h1 class=\"elementor-heading-title elementor-size-default\">\u00bfEn qu\u00e9 podemos ayudarte?<\/h1>\t\t\t\t<\/div>\n\t\t\t\t<\/div>\n\t\t\t\t\t<\/div>\n\t\t\t\t<\/div>\n\t\t<div class=\"elementor-element elementor-element-e277c35 e-flex e-con-boxed e-con e-child\" data-id=\"e277c35\" data-element_type=\"container\" data-e-type=\"container\">\n\t\t\t\t\t<div class=\"e-con-inner\">\n\t\t\t\t<div class=\"elementor-element elementor-element-55f5340 elementor-widget__width-initial animated-fast elementor-invisible elementor-widget elementor-widget-text-editor\" data-id=\"55f5340\" data-element_type=\"widget\" data-e-type=\"widget\" data-settings=\"{&quot;_animation&quot;:&quot;fadeIn&quot;,&quot;_animation_delay&quot;:200}\" data-widget_type=\"text-editor.default\">\n\t\t\t\t<div class=\"elementor-widget-container\">\n\t\t\t\t\t\t\t\t\t<p>Si quieres recibir m\u00e1s informaci\u00f3n o te gustar\u00eda colaborar con nosotros, contacta sin compromiso. \u00a1Estaremos encantados de ayudarte y aclarar cualquier duda!<\/p>\t\t\t\t\t\t\t\t<\/div>\n\t\t\t\t<\/div>\n\t\t\t\t\t<\/div>\n\t\t\t\t<\/div>\n\t\t\t\t\t<\/div>\n\t\t\t\t<\/div>\n\t\t\t\t\t<\/div>\n\t\t\t\t<\/div>\n\t\t<div class=\"elementor-element elementor-element-be833ab e-flex e-con-boxed e-con e-child\" data-id=\"be833ab\" data-element_type=\"container\" data-e-type=\"container\">\n\t\t\t\t\t<div class=\"e-con-inner\">\n\t\t<div class=\"elementor-element elementor-element-730e81b e-con-full animated-fast vamtam-has-theme-cp vamtam-cp-top-left e-flex elementor-invisible e-con e-child\" data-id=\"730e81b\" data-element_type=\"container\" data-e-type=\"container\" data-settings=\"{&quot;background_background&quot;:&quot;classic&quot;,&quot;animation&quot;:&quot;fadeInUp&quot;,&quot;animation_delay&quot;:450}\">\n\t\t\t\t<div class=\"elementor-element elementor-element-7a3e176 elementor-widget__width-initial elementor-hidden-desktop elementor-hidden-tablet elementor-hidden-mobile elementor-view-default elementor-widget elementor-widget-icon\" data-id=\"7a3e176\" data-element_type=\"widget\" data-e-type=\"widget\" data-widget_type=\"icon.default\">\n\t\t\t\t<div class=\"elementor-widget-container\">\n\t\t\t\t\t\t\t<div class=\"elementor-icon-wrapper\">\n\t\t\t<div class=\"elementor-icon\">\n\t\t\t<svg xmlns=\"http:\/\/www.w3.org\/2000\/svg\" width=\"42\" height=\"38\" viewbox=\"0 0 42 38\"><g fill-rule=\"nonzero\" fill=\"none\"><path d=\"M1 9.54a4.5 4.5 0 0 1 4.5-4.5h31a4.5 4.5 0 0 1 4.5 4.5V32.5c0 2.48-1.68 3.65-4.17 3.65L5.5 37A4.5 4.5 0 0 1 1 32.5V9.55Z\" fill=\"#FFF\"><\/path><path d=\"M36.5 4.84a4.7 4.7 0 0 1 4.71 4.7V32.5c0 2.5-1.65 3.86-4.37 3.86L5.5 37.2a4.7 4.7 0 0 1-4.71-4.7V9.54a4.7 4.7 0 0 1 4.71-4.7h31Zm0 .42h-31a4.29 4.29 0 0 0-4.29 4.28V32.5a4.29 4.29 0 0 0 4.28 4.28l31.34-.84c2.51 0 3.96-1.2 3.96-3.44V9.54a4.29 4.29 0 0 0-4.29-4.28ZM1.79 11.17l.35.3 16.04 13.97a4.3 4.3 0 0 0 5.63.01 196.9 196.9 0 0 1 7.05-6.6c2-1.75 5-4.2 9-7.38l.35-.27V32.51a3.7 3.7 0 0 1-.55 1.94l-.66.8c-.4.35-.95.42-1.88.35-.1 0-.18 0-.33-.02-.43-.04-.6-.05-.79-.05l-30.5.68c-.94 0-1.82-.35-2.52-.99l-.65-.8a3.7 3.7 0 0 1-.54-1.91V11.17Zm38 .9-.12.1c-3.77 2.99-6.61 5.32-8.53 6.99a197.11 197.11 0 0 0-7.05 6.6 4.72 4.72 0 0 1-6.19 0L2.21 12.1v20.4c0 .54.13 1.05.35 1.5l.1.18.62.75c.6.55 1.39.86 2.21.86L36 35.11a8.86 8.86 0 0 1 1.15.08c.82.06 1.29 0 1.54-.23l.62-.75c.31-.51.48-1.1.48-1.7V12.07ZM36.5 5.83a3.7 3.7 0 0 1 3.71 3.7v.78l-.09.17a153.64 153.64 0 0 0-9.98 7.68 86.25 86.25 0 0 0-6.7 6.85 3.72 3.72 0 0 1-4.88 0L1.86 10.47l-.07-.16v-.77a3.7 3.7 0 0 1 3.71-3.7h31Zm0 .42h-31a3.29 3.29 0 0 0-3.29 3.29v.68l16.63 14.47a3.3 3.3 0 0 0 4.15.15l.15-.13a86.08 86.08 0 0 1 6.72-6.87c2.01-1.75 5.2-4.2 9.55-7.36l.38-.28v-.66a3.29 3.29 0 0 0-3.1-3.28h-.19Z\" fill=\"#000\"><\/path><path d=\"M5.5 6.04A3.5 3.5 0 0 0 2 9.54v.77l16.7 14.54a3.5 3.5 0 0 0 4.6 0A85.9 85.9 0 0 1 30 18c2.08-1.8 5.4-4.37 10-7.69v-.77a3.5 3.5 0 0 0-3.5-3.5h-31Z\" fill=\"#3CA200\"><\/path><path d=\"M17.24 9.86h-.04a.4.4 0 0 1-.27-.15.41.41 0 0 1-.1-.3C17.2 6 18.54 2.77 20.7.14a.4.4 0 1 1 .63.52 16.73 16.73 0 0 0-3.68 8.82.4.4 0 0 1-.4.37ZM21.84 12.44h-.08a.42.42 0 0 1-.32-.49 12.9 12.9 0 0 1 2.3-5.33.4.4 0 0 1 .57-.09c.18.14.22.4.08.58a12.09 12.09 0 0 0-2.15 5 .43.43 0 0 1-.4.33Z\" fill=\"#000\"><\/path><path d=\"M40 11.64c-4 3.17-7 5.62-9 7.36a196.74 196.74 0 0 0-7.04 6.6 4.5 4.5 0 0 1-5.92 0L2 11.64V32.5c0 .66.19 1.28.5 1.8l.64.78A3.5 3.5 0 0 0 5.5 36l30.5-.68c.9 0 2.23.34 2.86-.23l.63-.77c.32-.53.5-1.15.5-1.81L40 11.64Z\" fill=\"#FFF\"><\/path><\/g><\/svg>\t\t\t<\/div>\n\t\t<\/div>\n\t\t\t\t\t\t<\/div>\n\t\t\t\t<\/div>\n\t\t\t\t<div class=\"elementor-element elementor-element-08e3bc0 elementor-widget elementor-widget-heading\" data-id=\"08e3bc0\" data-element_type=\"widget\" data-e-type=\"widget\" data-widget_type=\"heading.default\">\n\t\t\t\t<div class=\"elementor-widget-container\">\n\t\t\t\t\t<h4 class=\"elementor-heading-title elementor-size-default\"><a href=\"https:\/\/wa.me\/34634431665?text=Hola,%20me%20gustar\u00eda%20recibir%20m\u00e1s%20informaci\u00f3n\">WhatsApp<\/a><\/h4>\t\t\t\t<\/div>\n\t\t\t\t<\/div>\n\t\t\t\t<div class=\"elementor-element elementor-element-41c99fd elementor-icon-list--layout-traditional elementor-list-item-link-full_width elementor-widget elementor-widget-icon-list\" data-id=\"41c99fd\" data-element_type=\"widget\" data-e-type=\"widget\" data-widget_type=\"icon-list.default\">\n\t\t\t\t<div class=\"elementor-widget-container\">\n\t\t\t\t\t\t\t<ul class=\"elementor-icon-list-items\">\n\t\t\t\t\t\t\t<li class=\"elementor-icon-list-item\">\n\t\t\t\t\t\t\t\t\t\t\t<a href=\"https:\/\/wa.me\/34634431665?text=Hola,%20me%20gustar\u00eda%20recibir%20m\u00e1s%20informaci\u00f3n\" target=\"_blank\">\n\n\t\t\t\t\t\t\t\t\t\t\t\t<span class=\"elementor-icon-list-icon\">\n\t\t\t\t\t\t\t<i aria-hidden=\"true\" class=\"fab fa-whatsapp\"><\/i>\t\t\t\t\t\t<\/span>\n\t\t\t\t\t\t\t\t\t\t<span class=\"elementor-icon-list-text\">634 431 665<\/span>\n\t\t\t\t\t\t\t\t\t\t\t<\/a>\n\t\t\t\t\t\t\t\t\t<\/li>\n\t\t\t\t\t\t<\/ul>\n\t\t\t\t\t\t<\/div>\n\t\t\t\t<\/div>\n\t\t\t\t<\/div>\n\t\t<div class=\"elementor-element elementor-element-e59afe5 e-con-full animated-fast vamtam-has-theme-cp e-flex elementor-invisible e-con e-child\" data-id=\"e59afe5\" data-element_type=\"container\" data-e-type=\"container\" data-settings=\"{&quot;background_background&quot;:&quot;classic&quot;,&quot;animation&quot;:&quot;fadeInUp&quot;,&quot;animation_delay&quot;:500}\">\n\t\t\t\t<div class=\"elementor-element elementor-element-1215b5a elementor-widget elementor-widget-heading\" data-id=\"1215b5a\" data-element_type=\"widget\" data-e-type=\"widget\" data-widget_type=\"heading.default\">\n\t\t\t\t<div class=\"elementor-widget-container\">\n\t\t\t\t\t<h4 class=\"elementor-heading-title elementor-size-default\"><a href=\"tel:+34640850192\">Tel\u00e9fono<\/a><\/h4>\t\t\t\t<\/div>\n\t\t\t\t<\/div>\n\t\t\t\t<div class=\"elementor-element elementor-element-b31ffbc elementor-icon-list--layout-traditional elementor-list-item-link-full_width elementor-widget elementor-widget-icon-list\" data-id=\"b31ffbc\" data-element_type=\"widget\" data-e-type=\"widget\" data-widget_type=\"icon-list.default\">\n\t\t\t\t<div class=\"elementor-widget-container\">\n\t\t\t\t\t\t\t<ul class=\"elementor-icon-list-items\">\n\t\t\t\t\t\t\t<li class=\"elementor-icon-list-item\">\n\t\t\t\t\t\t\t\t\t\t\t<a href=\"tel:+34640850192\">\n\n\t\t\t\t\t\t\t\t\t\t\t\t<span class=\"elementor-icon-list-icon\">\n\t\t\t\t\t\t\t<i aria-hidden=\"true\" class=\"fas fa-phone-alt\"><\/i>\t\t\t\t\t\t<\/span>\n\t\t\t\t\t\t\t\t\t\t<span class=\"elementor-icon-list-text\">640 850 192<\/span>\n\t\t\t\t\t\t\t\t\t\t\t<\/a>\n\t\t\t\t\t\t\t\t\t<\/li>\n\t\t\t\t\t\t<\/ul>\n\t\t\t\t\t\t<\/div>\n\t\t\t\t<\/div>\n\t\t\t\t<\/div>\n\t\t<div class=\"elementor-element elementor-element-932afc6 e-con-full animated-fast vamtam-has-theme-cp vamtam-cp-top-right e-flex elementor-invisible e-con e-child\" data-id=\"932afc6\" data-element_type=\"container\" data-e-type=\"container\" data-settings=\"{&quot;background_background&quot;:&quot;classic&quot;,&quot;animation&quot;:&quot;fadeInUp&quot;,&quot;animation_delay&quot;:600}\">\n\t\t\t\t<div class=\"elementor-element elementor-element-8301558 elementor-widget elementor-widget-heading\" data-id=\"8301558\" data-element_type=\"widget\" data-e-type=\"widget\" data-widget_type=\"heading.default\">\n\t\t\t\t<div class=\"elementor-widget-container\">\n\t\t\t\t\t<h4 class=\"elementor-heading-title elementor-size-default\"><a href=\"mailto:info@educanimals.com\">Email<\/a><\/h4>\t\t\t\t<\/div>\n\t\t\t\t<\/div>\n\t\t\t\t<div class=\"elementor-element elementor-element-36ba677 elementor-icon-list--layout-traditional elementor-list-item-link-full_width elementor-widget elementor-widget-icon-list\" data-id=\"36ba677\" data-element_type=\"widget\" data-e-type=\"widget\" data-widget_type=\"icon-list.default\">\n\t\t\t\t<div class=\"elementor-widget-container\">\n\t\t\t\t\t\t\t<ul class=\"elementor-icon-list-items\">\n\t\t\t\t\t\t\t<li class=\"elementor-icon-list-item\">\n\t\t\t\t\t\t\t\t\t\t\t<a href=\"mailto:info@educanimals.com\">\n\n\t\t\t\t\t\t\t\t\t\t\t\t<span class=\"elementor-icon-list-icon\">\n\t\t\t\t\t\t\t<i aria-hidden=\"true\" class=\"far fa-envelope\"><\/i>\t\t\t\t\t\t<\/span>\n\t\t\t\t\t\t\t\t\t\t<span class=\"elementor-icon-list-text\">info@educanimals.com<\/span>\n\t\t\t\t\t\t\t\t\t\t\t<\/a>\n\t\t\t\t\t\t\t\t\t<\/li>\n\t\t\t\t\t\t<\/ul>\n\t\t\t\t\t\t<\/div>\n\t\t\t\t<\/div>\n\t\t\t\t<\/div>\n\t\t\t\t\t<\/div>\n\t\t\t\t<\/div>\n\t\t\t\t<\/div>","protected":false},"excerpt":{"rendered":"<p>Contact Us Today<\/p>","protected":false},"author":1,"featured_media":988169,"parent":0,"menu_order":0,"comment_status":"closed","ping_status":"closed","template":"","meta":{"footnotes":""},"class_list":["post-66","page","type-page","status-publish","has-post-thumbnail","hentry"],"yoast_head":"<!-- This site is optimized with the Yoast SEO plugin v27.5 - https:\/\/yoast.com\/product\/yoast-seo-wordpress\/ -->\n<title>Contacto - Educanimals<\/title>\n<meta name=\"description\" content=\"Contacta con Educanimals. Escr\u00edbenos a info@educanimals.com o llama al 634 431 665. Educaci\u00f3n y etolog\u00eda canina profesional en Barcelona.\" \/>\n<meta name=\"robots\" content=\"index, follow, max-snippet:-1, max-image-preview:large, max-video-preview:-1\" \/>\n<link rel=\"canonical\" href=\"https:\/\/educanimals.com\/ca\/contacto\/\" \/>\n<meta property=\"og:locale\" content=\"ca_ES\" \/>\n<meta property=\"og:type\" content=\"article\" \/>\n<meta property=\"og:title\" content=\"Contacto - Educanimals\" \/>\n<meta property=\"og:description\" content=\"Contacta con Educanimals. Escr\u00edbenos a info@educanimals.com o llama al 634 431 665. Educaci\u00f3n y etolog\u00eda canina profesional en Barcelona.\" \/>\n<meta property=\"og:url\" content=\"https:\/\/educanimals.com\/ca\/contacto\/\" \/>\n<meta property=\"og:site_name\" content=\"Educanimals\" \/>\n<meta property=\"article:modified_time\" content=\"2025-11-14T16:07:13+00:00\" \/>\n<meta property=\"og:image\" content=\"https:\/\/educanimals.com\/wp-content\/uploads\/2025\/07\/educadores-caninos-en-barcelona-educanimals-mobile-1.jpg\" \/>\n\t<meta property=\"og:image:width\" content=\"595\" \/>\n\t<meta property=\"og:image:height\" content=\"434\" \/>\n\t<meta property=\"og:image:type\" content=\"image\/jpeg\" \/>\n<meta name=\"twitter:card\" content=\"summary_large_image\" \/>\n<meta name=\"twitter:label1\" content=\"Temps estimat de lectura\" \/>\n\t<meta name=\"twitter:data1\" content=\"1 minut\" \/>\n<script type=\"application\/ld+json\" class=\"yoast-schema-graph\">{\"@context\":\"https:\\\/\\\/schema.org\",\"@graph\":[{\"@type\":\"WebPage\",\"@id\":\"https:\\\/\\\/educanimals.com\\\/contacto\\\/\",\"url\":\"https:\\\/\\\/educanimals.com\\\/contacto\\\/\",\"name\":\"Contacto - Educanimals\",\"isPartOf\":{\"@id\":\"https:\\\/\\\/cornflowerblue-dugong-854190.hostingersite.com\\\/#website\"},\"primaryImageOfPage\":{\"@id\":\"https:\\\/\\\/educanimals.com\\\/contacto\\\/#primaryimage\"},\"image\":{\"@id\":\"https:\\\/\\\/educanimals.com\\\/contacto\\\/#primaryimage\"},\"thumbnailUrl\":\"https:\\\/\\\/educanimals.com\\\/wp-content\\\/uploads\\\/2025\\\/07\\\/educadores-caninos-en-barcelona-educanimals-mobile-1.jpg\",\"datePublished\":\"2024-12-27T10:43:26+00:00\",\"dateModified\":\"2025-11-14T16:07:13+00:00\",\"description\":\"Contacta con Educanimals. Escr\u00edbenos a info@educanimals.com o llama al 634 431 665. Educaci\u00f3n y etolog\u00eda canina profesional en Barcelona.\",\"breadcrumb\":{\"@id\":\"https:\\\/\\\/educanimals.com\\\/contacto\\\/#breadcrumb\"},\"inLanguage\":\"ca\",\"potentialAction\":[{\"@type\":\"ReadAction\",\"target\":[\"https:\\\/\\\/educanimals.com\\\/contacto\\\/\"]}]},{\"@type\":\"ImageObject\",\"inLanguage\":\"ca\",\"@id\":\"https:\\\/\\\/educanimals.com\\\/contacto\\\/#primaryimage\",\"url\":\"https:\\\/\\\/educanimals.com\\\/wp-content\\\/uploads\\\/2025\\\/07\\\/educadores-caninos-en-barcelona-educanimals-mobile-1.jpg\",\"contentUrl\":\"https:\\\/\\\/educanimals.com\\\/wp-content\\\/uploads\\\/2025\\\/07\\\/educadores-caninos-en-barcelona-educanimals-mobile-1.jpg\",\"width\":595,\"height\":434},{\"@type\":\"BreadcrumbList\",\"@id\":\"https:\\\/\\\/educanimals.com\\\/contacto\\\/#breadcrumb\",\"itemListElement\":[{\"@type\":\"ListItem\",\"position\":1,\"name\":\"Home\",\"item\":\"https:\\\/\\\/educanimals.com\\\/\"},{\"@type\":\"ListItem\",\"position\":2,\"name\":\"Contacto\"}]},{\"@type\":\"WebSite\",\"@id\":\"https:\\\/\\\/cornflowerblue-dugong-854190.hostingersite.com\\\/#website\",\"url\":\"https:\\\/\\\/cornflowerblue-dugong-854190.hostingersite.com\\\/\",\"name\":\"Educanimals\",\"description\":\"Educadores caninos en Barcelona\",\"publisher\":{\"@id\":\"https:\\\/\\\/cornflowerblue-dugong-854190.hostingersite.com\\\/#organization\"},\"potentialAction\":[{\"@type\":\"SearchAction\",\"target\":{\"@type\":\"EntryPoint\",\"urlTemplate\":\"https:\\\/\\\/cornflowerblue-dugong-854190.hostingersite.com\\\/?s={search_term_string}\"},\"query-input\":{\"@type\":\"PropertyValueSpecification\",\"valueRequired\":true,\"valueName\":\"search_term_string\"}}],\"inLanguage\":\"ca\"},{\"@type\":\"Organization\",\"@id\":\"https:\\\/\\\/cornflowerblue-dugong-854190.hostingersite.com\\\/#organization\",\"name\":\"Educanimals\",\"url\":\"https:\\\/\\\/cornflowerblue-dugong-854190.hostingersite.com\\\/\",\"logo\":{\"@type\":\"ImageObject\",\"inLanguage\":\"ca\",\"@id\":\"https:\\\/\\\/cornflowerblue-dugong-854190.hostingersite.com\\\/#\\\/schema\\\/logo\\\/image\\\/\",\"url\":\"https:\\\/\\\/educanimals.com\\\/wp-content\\\/uploads\\\/2025\\\/07\\\/cropped-01Texto_educanimals-scaled-1.jpg\",\"contentUrl\":\"https:\\\/\\\/educanimals.com\\\/wp-content\\\/uploads\\\/2025\\\/07\\\/cropped-01Texto_educanimals-scaled-1.jpg\",\"width\":1614,\"height\":305,\"caption\":\"Educanimals\"},\"image\":{\"@id\":\"https:\\\/\\\/cornflowerblue-dugong-854190.hostingersite.com\\\/#\\\/schema\\\/logo\\\/image\\\/\"}}]}<\/script>\n<!-- \/ Yoast SEO plugin. -->","yoast_head_json":{"title":"Contacto - Educanimals","description":"Contacta con Educanimals. Escr\u00edbenos a info@educanimals.com o llama al 634 431 665. Educaci\u00f3n y etolog\u00eda canina profesional en Barcelona.","robots":{"index":"index","follow":"follow","max-snippet":"max-snippet:-1","max-image-preview":"max-image-preview:large","max-video-preview":"max-video-preview:-1"},"canonical":"https:\/\/educanimals.com\/ca\/contacto\/","og_locale":"ca_ES","og_type":"article","og_title":"Contacto - Educanimals","og_description":"Contacta con Educanimals. Escr\u00edbenos a info@educanimals.com o llama al 634 431 665. Educaci\u00f3n y etolog\u00eda canina profesional en Barcelona.","og_url":"https:\/\/educanimals.com\/ca\/contacto\/","og_site_name":"Educanimals","article_modified_time":"2025-11-14T16:07:13+00:00","og_image":[{"width":595,"height":434,"url":"https:\/\/educanimals.com\/wp-content\/uploads\/2025\/07\/educadores-caninos-en-barcelona-educanimals-mobile-1.jpg","type":"image\/jpeg"}],"twitter_card":"summary_large_image","twitter_misc":{"Temps estimat de lectura":"1 minut"},"schema":{"@context":"https:\/\/schema.org","@graph":[{"@type":"WebPage","@id":"https:\/\/educanimals.com\/contacto\/","url":"https:\/\/educanimals.com\/contacto\/","name":"Contacto - Educanimals","isPartOf":{"@id":"https:\/\/cornflowerblue-dugong-854190.hostingersite.com\/#website"},"primaryImageOfPage":{"@id":"https:\/\/educanimals.com\/contacto\/#primaryimage"},"image":{"@id":"https:\/\/educanimals.com\/contacto\/#primaryimage"},"thumbnailUrl":"https:\/\/educanimals.com\/wp-content\/uploads\/2025\/07\/educadores-caninos-en-barcelona-educanimals-mobile-1.jpg","datePublished":"2024-12-27T10:43:26+00:00","dateModified":"2025-11-14T16:07:13+00:00","description":"Contacta con Educanimals. Escr\u00edbenos a info@educanimals.com o llama al 634 431 665. Educaci\u00f3n y etolog\u00eda canina profesional en Barcelona.","breadcrumb":{"@id":"https:\/\/educanimals.com\/contacto\/#breadcrumb"},"inLanguage":"ca","potentialAction":[{"@type":"ReadAction","target":["https:\/\/educanimals.com\/contacto\/"]}]},{"@type":"ImageObject","inLanguage":"ca","@id":"https:\/\/educanimals.com\/contacto\/#primaryimage","url":"https:\/\/educanimals.com\/wp-content\/uploads\/2025\/07\/educadores-caninos-en-barcelona-educanimals-mobile-1.jpg","contentUrl":"https:\/\/educanimals.com\/wp-content\/uploads\/2025\/07\/educadores-caninos-en-barcelona-educanimals-mobile-1.jpg","width":595,"height":434},{"@type":"BreadcrumbList","@id":"https:\/\/educanimals.com\/contacto\/#breadcrumb","itemListElement":[{"@type":"ListItem","position":1,"name":"Home","item":"https:\/\/educanimals.com\/"},{"@type":"ListItem","position":2,"name":"Contacto"}]},{"@type":"WebSite","@id":"https:\/\/cornflowerblue-dugong-854190.hostingersite.com\/#website","url":"https:\/\/cornflowerblue-dugong-854190.hostingersite.com\/","name":"Educanimals","description":"Educadores caninos en Barcelona","publisher":{"@id":"https:\/\/cornflowerblue-dugong-854190.hostingersite.com\/#organization"},"potentialAction":[{"@type":"SearchAction","target":{"@type":"EntryPoint","urlTemplate":"https:\/\/cornflowerblue-dugong-854190.hostingersite.com\/?s={search_term_string}"},"query-input":{"@type":"PropertyValueSpecification","valueRequired":true,"valueName":"search_term_string"}}],"inLanguage":"ca"},{"@type":"Organization","@id":"https:\/\/cornflowerblue-dugong-854190.hostingersite.com\/#organization","name":"Educanimals","url":"https:\/\/cornflowerblue-dugong-854190.hostingersite.com\/","logo":{"@type":"ImageObject","inLanguage":"ca","@id":"https:\/\/cornflowerblue-dugong-854190.hostingersite.com\/#\/schema\/logo\/image\/","url":"https:\/\/educanimals.com\/wp-content\/uploads\/2025\/07\/cropped-01Texto_educanimals-scaled-1.jpg","contentUrl":"https:\/\/educanimals.com\/wp-content\/uploads\/2025\/07\/cropped-01Texto_educanimals-scaled-1.jpg","width":1614,"height":305,"caption":"Educanimals"},"image":{"@id":"https:\/\/cornflowerblue-dugong-854190.hostingersite.com\/#\/schema\/logo\/image\/"}}]}},"_hostinger_reach_plugin_has_subscription_block":false,"_hostinger_reach_plugin_is_elementor":false,"_links":{"self":[{"href":"https:\/\/educanimals.com\/ca\/wp-json\/wp\/v2\/pages\/66","targetHints":{"allow":["GET"]}}],"collection":[{"href":"https:\/\/educanimals.com\/ca\/wp-json\/wp\/v2\/pages"}],"about":[{"href":"https:\/\/educanimals.com\/ca\/wp-json\/wp\/v2\/types\/page"}],"author":[{"embeddable":true,"href":"https:\/\/educanimals.com\/ca\/wp-json\/wp\/v2\/users\/1"}],"replies":[{"embeddable":true,"href":"https:\/\/educanimals.com\/ca\/wp-json\/wp\/v2\/comments?post=66"}],"version-history":[{"count":34,"href":"https:\/\/educanimals.com\/ca\/wp-json\/wp\/v2\/pages\/66\/revisions"}],"predecessor-version":[{"id":988453,"href":"https:\/\/educanimals.com\/ca\/wp-json\/wp\/v2\/pages\/66\/revisions\/988453"}],"wp:featuredmedia":[{"embeddable":true,"href":"https:\/\/educanimals.com\/ca\/wp-json\/wp\/v2\/media\/988169"}],"wp:attachment":[{"href":"https:\/\/educanimals.com\/ca\/wp-json\/wp\/v2\/media?parent=66"}],"curies":[{"name":"wp","href":"https:\/\/api.w.org\/{rel}","templated":true}]}}